{"id":8010,"date":"2015-06-11T07:49:21","date_gmt":"2015-06-11T07:49:21","guid":{"rendered":"http:\/\/www.q-bo-project.it\/q-bo-ceramic-project-2\/"},"modified":"2023-03-31T07:10:25","modified_gmt":"2023-03-31T07:10:25","slug":"q-bo-ceramic-project","status":"publish","type":"page","link":"http:\/\/www.q-bo-project.it\/fr\/q-bo-ceramic-project\/","title":{"rendered":"q-bo ceramic project"},"content":{"rendered":"<p>[vc_row disable_element=&#8221;yes&#8221;][vc_column width=&#8221;1\/2&#8243;]<img src=\"http:\/\/www.q-bo-project.it\/wp-content\/uploads\/2015\/06\/thumb-lending-maxima-amist\u00e0.jpg\" class=\"wp-post-image alignleft \"  data-wow-delay=\"0ms\" data-wow-iteration=\"1\"  alt=\"\" >[\/vc_column][vc_column width=&#8221;1\/2&#8243;]<h2 class=\"  lessmar2\"  data-wow-delay=\"0ms\" data-wow-iteration=\"1\" >MAXIMA<\/h2>[vc_column_text][\/vc_column_text][vc_button title=&#8221;AFFICHE&#8221; color=&#8221;btn-warning&#8221; size=&#8221;btn-large&#8221; href=&#8221;http:\/\/www.q-bo-project.it\/fr\/maxima&#8221;][\/vc_column][\/vc_row][vc_row disable_element=&#8221;yes&#8221;][vc_column width=&#8221;1\/2&#8243;]<img src=\"http:\/\/www.q-bo-project.it\/wp-content\/uploads\/2015\/05\/thumb-landing-iolite-nera.jpg\" class=\"wp-post-image alignleft \"  data-wow-delay=\"0ms\" data-wow-iteration=\"1\"  alt=\"\" >[\/vc_column][vc_column width=&#8221;1\/2&#8243;]<h2 class=\"  lessmar2\"  data-wow-delay=\"0ms\" data-wow-iteration=\"1\" >CRYSTAL THERAPY<\/h2>[vc_column_text]<\/p>\n<p style=\"text-align: justify;\">Le gr\u00e8s c\u00e9rame est rectifi et poli, puis un m\u00e9lange est appliqu\u00e9 manuellement \u00e0 base d\u2019oxydes de titane et de m\u00e9taux pr\u00e9cieux<\/p>\n<p>[\/vc_column_text][vc_button title=&#8221;AFFICHE&#8221; color=&#8221;btn-warning&#8221; size=&#8221;btn-large&#8221; href=&#8221;http:\/\/www.q-bo-project.it\/fr\/crystal-therapy\/&#8221;][\/vc_column][\/vc_row][vc_row disable_element=&#8221;yes&#8221;][vc_column][vc_separator][\/vc_column][\/vc_row][vc_row][vc_column width=&#8221;1\/2&#8243;]<img src=\"http:\/\/www.q-bo-project.it\/wp-content\/uploads\/2015\/05\/MACRO-FERRO-GLAMOUR1.jpg\" class=\"wp-post-image alignleft \"  data-wow-delay=\"0ms\" data-wow-iteration=\"1\"  alt=\"\" >[\/vc_column][vc_column width=&#8221;1\/2&#8243;]<h2 class=\"  lessmar2\"  data-wow-delay=\"0ms\" data-wow-iteration=\"1\" >GLAMOUR<\/h2>[vc_column_text]<\/p>\n<p style=\"text-align: justify;\">ses tonalites en gres cerame des finitions elegantes, opulentes et audacieuses, pour un luxe sans age<\/p>\n<p>[\/vc_column_text][vc_button title=&#8221;AFFICHE&#8221; color=&#8221;btn-warning&#8221; size=&#8221;btn-large&#8221; href=&#8221;http:\/\/www.q-bo-project.it\/fr\/glamour\/&#8221;][\/vc_column][\/vc_row][vc_row disable_element=&#8221;yes&#8221;][vc_column][vc_separator][\/vc_column][\/vc_row][vc_row disable_element=&#8221;yes&#8221;][vc_column width=&#8221;1\/2&#8243;]<img src=\"http:\/\/www.q-bo-project.it\/wp-content\/uploads\/2015\/05\/atelier_thumb.jpg\" class=\"wp-post-image alignleft \"  data-wow-delay=\"0ms\" data-wow-iteration=\"1\"  alt=\"\" >[\/vc_column][vc_column width=&#8221;1\/2&#8243;]<h2 class=\"  lessmar2\"  data-wow-delay=\"0ms\" data-wow-iteration=\"1\" >ATELIER<\/h2>[vc_column_text][\/vc_column_text][vc_button title=&#8221;AFFICHE&#8221; color=&#8221;btn-warning&#8221; size=&#8221;btn-large&#8221; href=&#8221;http:\/\/www.q-bo-project.it\/fr\/atelier\/&#8221;][\/vc_column][\/vc_row]<\/p>\n","protected":false},"excerpt":{"rendered":"<p>[vc_row disable_element=&#8221;yes&#8221;][vc_column width=&#8221;1\/2&#8243;][\/vc_column][vc_column width=&#8221;1\/2&#8243;][vc_column_text][\/vc_column_text][vc_button title=&#8221;AFFICHE&#8221; color=&#8221;btn-warning&#8221; size=&#8221;btn-large&#8221; href=&#8221;http:\/\/www.q-bo-project.it\/fr\/maxima&#8221;][\/vc_column][\/vc_row][vc_row disable_element=&#8221;yes&#8221;][vc_column width=&#8221;1\/2&#8243;][\/vc_column][vc_column width=&#8221;1\/2&#8243;][vc_column_text] Le gr\u00e8s c\u00e9rame est rectifi et poli, puis un m\u00e9lange est appliqu\u00e9 manuellement \u00e0 base d\u2019oxydes de titane et de m\u00e9taux pr\u00e9cieux [\/vc_column_text][vc_button title=&#8221;AFFICHE&#8221; color=&#8221;btn-warning&#8221; size=&#8221;btn-large&#8221; href=&#8221;http:\/\/www.q-bo-project.it\/fr\/crystal-therapy\/&#8221;][\/vc_column][\/vc_row][vc_row disable_element=&#8221;yes&#8221;][vc_column][vc_separator][\/vc_column][\/vc_row][vc_row][vc_column width=&#8221;1\/2&#8243;][\/vc_column][vc_column width=&#8221;1\/2&#8243;][vc_column_text] ses tonalites en gres cerame des finitions elegantes, opulentes et audacieuses, pour un luxe [&hellip;]<\/p>\n","protected":false},"author":1,"featured_media":0,"parent":0,"menu_order":0,"comment_status":"open","ping_status":"open","template":"","meta":[],"_links":{"self":[{"href":"http:\/\/www.q-bo-project.it\/fr\/wp-json\/wp\/v2\/pages\/8010"}],"collection":[{"href":"http:\/\/www.q-bo-project.it\/fr\/wp-json\/wp\/v2\/pages"}],"about":[{"href":"http:\/\/www.q-bo-project.it\/fr\/wp-json\/wp\/v2\/types\/page"}],"author":[{"embeddable":true,"href":"http:\/\/www.q-bo-project.it\/fr\/wp-json\/wp\/v2\/users\/1"}],"replies":[{"embeddable":true,"href":"http:\/\/www.q-bo-project.it\/fr\/wp-json\/wp\/v2\/comments?post=8010"}],"version-history":[{"count":8,"href":"http:\/\/www.q-bo-project.it\/fr\/wp-json\/wp\/v2\/pages\/8010\/revisions"}],"predecessor-version":[{"id":9655,"href":"http:\/\/www.q-bo-project.it\/fr\/wp-json\/wp\/v2\/pages\/8010\/revisions\/9655"}],"wp:attachment":[{"href":"http:\/\/www.q-bo-project.it\/fr\/wp-json\/wp\/v2\/media?parent=8010"}],"curies":[{"name":"wp","href":"https:\/\/api.w.org\/{rel}","templated":true}]}}