{"id":7995,"date":"2015-05-25T07:39:03","date_gmt":"2015-05-25T07:39:03","guid":{"rendered":"http:\/\/www.q-bo-project.it\/mosaic-30x30-2\/"},"modified":"2015-06-24T15:26:44","modified_gmt":"2015-06-24T15:26:44","slug":"mosaic-30x30","status":"publish","type":"page","link":"http:\/\/www.q-bo-project.it\/fr\/mosaic-30x30\/","title":{"rendered":"mosaic 30&#215;30"},"content":{"rendered":"<p>[vc_row][vc_column width=&#8221;1\/1&#8243;]<h2 class=\"  lessmar2\"  data-wow-delay=\"0ms\" data-wow-iteration=\"1\" >MOSAIC COLLECTION 30&#215;30<\/h2><div class=\"clearfix divider divider_colored_line_2 left lessmar2 \"  data-wow-delay=\"0ms\" data-wow-iteration=\"1\" ><span><\/span><span><\/span><\/div>[\/vc_column][\/vc_row][vc_row][vc_column width=&#8221;1\/1&#8243;][vc_column_text]La mosa\u00efque, l&#8217;une des formes d\u2019art les plus archa\u00efques, est propos\u00e9e comme application artistique et decorative adapt\u00e9e \u00e0 de petites et grandes surfaces.\u00a0 Lisse pour les sols, les murs, les vo\u00fbtes ou les plafonds, elle prend une valeur architecturale originale en 3D, donnant de l&#8217;\u00e9l\u00e9gance et de la profondeur \u00e0 tous les types d\u2019emploi[\/vc_column_text][\/vc_column][\/vc_row][vc_row][vc_column width=&#8221;1\/1&#8243;][vc_basic_grid post_type=&#8221;ids&#8221; max_items=&#8221;10&#8243; style=&#8221;all&#8221; items_per_page=&#8221;10&#8243; show_filter=&#8221;&#8221; element_width=&#8221;3&#8243; gap=&#8221;30&#8243; orderby=&#8221;date&#8221; order=&#8221;DESC&#8221; filter_source=&#8221;category&#8221; filter_style=&#8221;default&#8221; filter_align=&#8221;center&#8221; filter_color=&#8221;grey&#8221; filter_size=&#8221;md&#8221; button_style=&#8221;rounded&#8221; button_color=&#8221;blue&#8221; button_size=&#8221;md&#8221; arrows_design=&#8221;none&#8221; arrows_position=&#8221;inside&#8221; arrows_color=&#8221;blue&#8221; paging_design=&#8221;radio_dots&#8221; paging_color=&#8221;grey&#8221; loop=&#8221;&#8221; autoplay=&#8221;-1&#8243; item=&#8221;none&#8221; grid_id=&#8221;vc_gid:1432540174317-37e0bda1-b3d3-3&#8243; include=&#8221;7242, 7250, 7251, 7252, 7253, 7254, 7255&#8243;][\/vc_column][\/vc_row]<\/p>\n","protected":false},"excerpt":{"rendered":"<p>[vc_row][vc_column width=&#8221;1\/1&#8243;][\/vc_column][\/vc_row][vc_row][vc_column width=&#8221;1\/1&#8243;][vc_column_text]La mosa\u00efque, l&#8217;une des formes d\u2019art les plus archa\u00efques, est propos\u00e9e comme application artistique et decorative adapt\u00e9e \u00e0 de petites et grandes surfaces.\u00a0 Lisse pour les sols, les murs, les vo\u00fbtes ou les plafonds, elle prend une valeur architecturale originale en 3D, donnant de l&#8217;\u00e9l\u00e9gance et de la profondeur \u00e0 tous les types [&hellip;]<\/p>\n","protected":false},"author":1,"featured_media":0,"parent":0,"menu_order":0,"comment_status":"open","ping_status":"open","template":"","meta":[],"_links":{"self":[{"href":"http:\/\/www.q-bo-project.it\/fr\/wp-json\/wp\/v2\/pages\/7995"}],"collection":[{"href":"http:\/\/www.q-bo-project.it\/fr\/wp-json\/wp\/v2\/pages"}],"about":[{"href":"http:\/\/www.q-bo-project.it\/fr\/wp-json\/wp\/v2\/types\/page"}],"author":[{"embeddable":true,"href":"http:\/\/www.q-bo-project.it\/fr\/wp-json\/wp\/v2\/users\/1"}],"replies":[{"embeddable":true,"href":"http:\/\/www.q-bo-project.it\/fr\/wp-json\/wp\/v2\/comments?post=7995"}],"version-history":[{"count":3,"href":"http:\/\/www.q-bo-project.it\/fr\/wp-json\/wp\/v2\/pages\/7995\/revisions"}],"predecessor-version":[{"id":8002,"href":"http:\/\/www.q-bo-project.it\/fr\/wp-json\/wp\/v2\/pages\/7995\/revisions\/8002"}],"wp:attachment":[{"href":"http:\/\/www.q-bo-project.it\/fr\/wp-json\/wp\/v2\/media?parent=7995"}],"curies":[{"name":"wp","href":"https:\/\/api.w.org\/{rel}","templated":true}]}}