{"id":7979,"date":"2015-05-21T14:16:53","date_gmt":"2015-05-21T14:16:53","guid":{"rendered":"http:\/\/www.q-bo-project.it\/marmo-project-2\/"},"modified":"2016-10-28T06:50:57","modified_gmt":"2016-10-28T06:50:57","slug":"marmo-project","status":"publish","type":"page","link":"http:\/\/www.q-bo-project.it\/fr\/marmo-project\/","title":{"rendered":"marmo project"},"content":{"rendered":"<p>[vc_row][vc_column][vc_column_text]Le marbre est une roche d\u00e9riv\u00e9e des calcaires, prenant forme \u00e0 travers un processus m\u00e9tamorphique, signifint &#8220;changement de forme&#8221;, qui provoque une recristallisation compl\u00e8te du carbonate de calcium dont elles sont principalement compos\u00e9es, gr\u00e2ce \u00e0 l&#8217;action combin\u00e9e de la temp\u00e9rature et de la pression.<\/p>\n<p>Les processus de transformation se d\u00e9roulent en profondeur et viennent \u00e0 la surface \u00e0 travers les mouvements de la cro\u00fbte terrestre.<\/p>\n<p>La couleur du marbre d\u00e9pend de la pr\u00e9sence d\u2019impuret\u00e9s min\u00e9rales \u00a0(argile, limon, sable, oxydes de fer,nodules de silex), existant en Granul\u00e9s\u00a0 ou en couches \u00e0 l\u2019int\u00e9rieur de la roche d&#8217;origine. Par exemple, les arbres apuans font partie des plus purs parce qu&#8217;ils sont compos\u00e9s presque exclusivement de calcite qui d\u00e9termine leur coloration blanche caract\u00e9ristique[\/vc_column_text][\/vc_column][\/vc_row][vc_row][vc_column][vc_column_text css=&#8221;.vc_custom_1435154686389{padding-top: 20px !important;padding-right: 20px !important;padding-bottom: 20px !important;padding-left: 20px !important;background-color: #eeeeee !important;}&#8221;]<\/p>\n<p style=\"text-align: center;\">Les variations du veinage et de la tonalit\u00e9 repr\u00e9sentent l\u2019une des caract\u00e9ristiques naturelles propres au marbre.<strong><br \/>\n<\/strong><\/p>\n<p>[\/vc_column_text][\/vc_column][\/vc_row][vc_row][vc_column width=&#8221;1\/2&#8243;]<img src=\"http:\/\/www.q-bo-project.it\/wp-content\/uploads\/2015\/05\/landing-carrara-bianco.jpg\" class=\"wp-post-image alignleft \"  data-wow-delay=\"0ms\" data-wow-iteration=\"1\"  alt=\"\" >[\/vc_column][vc_column width=&#8221;1\/2&#8243;]<h2 class=\"  lessmar2\"  data-wow-delay=\"0ms\" data-wow-iteration=\"1\" >MARMO CARRARA BIANCO<\/h2>[vc_column_text]<\/p>\n<p style=\"text-align: justify;\">Les montages de la Toscane Occidentale, les Alpes Apuanes ou\u00a0&#8221; Cath\u00e9drales de Marbre&#8221; abritent le Marbre Blanc de Carrare. La s\u00e9lection C est particuli\u00e8reet exclusive, tr\u00e8s claire et peu vein\u00e9e. Extr\u00eamement pur et lumineux, universellement connu comme un des marbres les plus prestigieux, le Bianco Carrara est devenu le symbole du Made in Italy<\/p>\n<p>[\/vc_column_text][vc_button title=&#8221;AFFICHE&#8221; color=&#8221;btn-warning&#8221; size=&#8221;btn-large&#8221; href=&#8221;http:\/\/www.q-bo-project.it\/fr\/marmo-carrara-bianco\/&#8221;][\/vc_column][\/vc_row][vc_row][vc_column][vc_separator][\/vc_column][\/vc_row][vc_row][vc_column width=&#8221;1\/2&#8243;]<img src=\"http:\/\/www.q-bo-project.it\/wp-content\/uploads\/2015\/05\/landing-marmo-crema-luna.jpg\" class=\"wp-post-image alignleft \"  data-wow-delay=\"0ms\" data-wow-iteration=\"1\"  alt=\"\" >[\/vc_column][vc_column width=&#8221;1\/2&#8243;]<h2 class=\"  lessmar2\"  data-wow-delay=\"0ms\" data-wow-iteration=\"1\" >CREMA LUNA LIMESTONE<\/h2>[vc_column_text]<\/p>\n<p style=\"text-align: justify;\">Crema Luna est un marbre particulier ayant une coloration homog\u00e8ne beige clair, caract\u00e9ris\u00e9 par la pr\u00e9sence de fossiles qui donnent au mat\u00e9riel un aspect Fleuri. Sa meilleure application se v\u00e9rifi avec des fiitions qui mettent ses caract\u00e9ristiques en relief, comme le Polissage ou le Sablage. Crema Luna est un mat\u00e9riau ductile qui ne craint pas l&#8217;effet du gel et qui est adapt\u00e9 \u00e0 diverses applications dans les solutions\u00a0 d&#8217;ameublement<\/p>\n<p>[\/vc_column_text][vc_button title=&#8221;AFFICHE&#8221; color=&#8221;btn-warning&#8221; size=&#8221;btn-large&#8221; href=&#8221;http:\/\/www.q-bo-project.it\/fr\/marmo-crema-luna\/&#8221;][\/vc_column][\/vc_row][vc_row][vc_column][vc_separator][\/vc_column][\/vc_row][vc_row][vc_column width=&#8221;1\/2&#8243;]<img src=\"http:\/\/www.q-bo-project.it\/wp-content\/uploads\/2015\/05\/20-A-INTERNO-part.jpg\" class=\"wp-post-image alignleft \"  data-wow-delay=\"0ms\" data-wow-iteration=\"1\"  alt=\"\" >[\/vc_column][vc_column width=&#8221;1\/2&#8243;]<h2 class=\"  lessmar2\"  data-wow-delay=\"0ms\" data-wow-iteration=\"1\" >ASIAGO<\/h2>[vc_column_text]<\/p>\n<p style=\"text-align: justify;\">Marbre Bianco\u00a0Asiago est extraite dans le Plateau d&#8217;Asiago dans les Alpes V\u00e9nitiennes.Il a une consistance et stratiformes uniforme. Sa couleur est blanc ros\u00e9 rep\u00e9r\u00e9e avec des nuances claires et \u00a0plus fonc\u00e9es, id\u00e9al pour les sols et les murs.<\/p>\n<p>[\/vc_column_text][vc_button title=&#8221;AFFICHE&#8221; color=&#8221;btn-warning&#8221; size=&#8221;btn-large&#8221; href=&#8221;http:\/\/www.q-bo-project.it\/fr\/marmo-crema-luna\/&#8221;][\/vc_column][\/vc_row][vc_row][vc_column][vc_separator][\/vc_column][\/vc_row][vc_row][vc_column width=&#8221;1\/2&#8243;]<img src=\"http:\/\/www.q-bo-project.it\/wp-content\/uploads\/2015\/05\/grigio-venezia.jpg\" class=\"wp-post-image alignleft \"  data-wow-delay=\"0ms\" data-wow-iteration=\"1\"  alt=\"\" >[\/vc_column][vc_column width=&#8221;1\/2&#8243;]<h2 class=\"  lessmar2\"  data-wow-delay=\"0ms\" data-wow-iteration=\"1\" >GRIGIO VENEZIA<\/h2>[vc_column_text]<\/p>\n<p style=\"text-align: justify;\">Grigio Venezia est un calcaire gris de l&#8217;esth\u00e9tique nouveau et original avec exceptionnelle caract\u00e9ristiques techniques. Merci \u00e0 son duret\u00e9 et flexibilit\u00e9 peuvent\u00a0\u00eatre utilis\u00e9s pour ext\u00e9rieurs, rev\u00eatements muraux, et le sol, et est tr\u00e8s appropri\u00e9 pour d\u00e9corations et sculptures en bas-relief.<\/p>\n<p>[\/vc_column_text][vc_button title=&#8221;AFFICHE&#8221; color=&#8221;btn-warning&#8221; size=&#8221;btn-large&#8221; href=&#8221;http:\/\/www.q-bo-project.it\/fr\/marmo-crema-luna\/&#8221;][\/vc_column][\/vc_row][vc_row][vc_column][vc_separator][\/vc_column][\/vc_row][vc_row][vc_column width=&#8221;1\/2&#8243;]<img src=\"http:\/\/www.q-bo-project.it\/wp-content\/uploads\/2015\/05\/landing-pietra-ardesia-ligure.jpg\" class=\"wp-post-image alignleft \"  data-wow-delay=\"0ms\" data-wow-iteration=\"1\"  alt=\"\" >[\/vc_column][vc_column width=&#8221;1\/2&#8243;]<h2 class=\"  lessmar2\"  data-wow-delay=\"0ms\" data-wow-iteration=\"1\" > ARDESIA LIGURE<\/h2>[vc_column_text]<\/p>\n<p style=\"text-align: justify;\">De grands blocs d\u2019Ardoise sont extraits des entrailles des carri\u00e8res liguriennes, puis s\u00e9lectionn\u00e9s en dalles minces. Une pierre m\u00e9tamorphique d\u2019origine s\u00e9dimentaire. Une mati\u00e8re r\u00e9sistante, ind\u00e9formable, l\u00e9g\u00e8re, non polissable. De par sa couleur, son extr\u00eame ouvrabilit\u00e9 et la vari\u00e9t\u00e9 des assortiments, l\u2019Ardesia della Valfontanabuona fait partie des mat\u00e9riaux les plus recherch\u00e9s parles professionnels de l\u2019habitat<\/p>\n<p>[\/vc_column_text][vc_button title=&#8221;AFFICHE&#8221; color=&#8221;btn-warning&#8221; size=&#8221;btn-large&#8221; href=&#8221;http:\/\/www.q-bo-project.it\/fr\/marmo-ardesia-ligure\/&#8221;][\/vc_column][\/vc_row][vc_row][vc_column css=&#8221;.vc_custom_1432225467119{padding-top: 60px !important;}&#8221;][vc_text_separator title=&#8221;OU CHOISISSEZ LA COLLECTION&#8221; border_width=&#8221;2&#8243;][\/vc_column][\/vc_row][vc_row][vc_column width=&#8221;1\/2&#8243;]<div class=\"features_sec39\">\n\t\t\t\t<div class=\"icon-list-line\">\n\t\t\t\t\t<div class=\"start\"><\/div>\n\t\t\t\t\t<div class=\"end\"><\/div>\n\t\t\t\t<\/div>\n\t\t\t\t\n\t\t\t<ul   data-wow-delay=\"0ms\" data-wow-iteration=\"1\" >\n\t\t\t\t<li class=\"icon\"><i class=\"fa fa-chevron-right\"><\/i><\/li>\n\t\t\t\t<li class=\"text\"><h3 class=\"nocaps\">NATURAL XXL 60X120<\/h3> <p>Les collections en format XXL de 60&#215;120 cm, ne peuvent \u00eatre r\u00e9alis\u00e9es qu\u2019\u00e0 partir des blocs les plus purs et uniformes des pierres prestigieuses Crema Luna, Ardesia Ligure et marbre blanc de Carrare, choisis un par un par l\u2019entreprise<br \/>\n<a href=\"http:\/\/www.q-bo-project.it\/fr\/natural-xxl-120x60\/\">AFFICHE<\/a><\/p><\/li>\n\t\t\t<\/ul>\n\t\t\t<ul   data-wow-delay=\"0ms\" data-wow-iteration=\"1\" >\n\t\t\t\t<li class=\"icon\"><i class=\"fa fa-chevron-right\"><\/i><\/li>\n\t\t\t\t<li class=\"text\"><h3 class=\"nocaps\">BOISERIES XXL 60x120<\/h3> <p>\u00c9l\u00e9gance, simplicit\u00e9, richesse, relief, pour la r\u00e9cup\u00e9ration d&#8217;une facture classique originale en un seul bloc d\u00e9coratif complet, au format 60&#215;120 <a href=\"http:\/\/www.q-bo-project.it\/boiseries-xxl\/\">AFFICHE<\/a><\/p><\/li>\n\t\t\t<\/ul>\n\t\t\t<ul   data-wow-delay=\"0ms\" data-wow-iteration=\"1\" >\n\t\t\t\t<li class=\"icon\"><i class=\"fa fa-chevron-right\"><\/i><\/li>\n\t\t\t\t<li class=\"text\"><h3 class=\"nocaps\">WALL 30X60<\/h3> <p>Q-BO a interpr\u00e9t\u00e9 la mati\u00e8re naturelle avec des reliefs, des dessins et des traitements de la surface d&#8217;une grande \u00e9l\u00e9gance et d&#8217;un prestige esth\u00e9tique, cr\u00e9ant une nouvelle g\u00e9n\u00e9ration de mat\u00e9riaux.<br \/>\n<a href=\"http:\/\/www.q-bo-project.it\/wall-30x60\/\">AFFICHE<\/a><\/p><\/li>\n\t\t\t<\/ul>\n\t\t\t<\/div>[\/vc_column][vc_column width=&#8221;1\/2&#8243;]<div class=\"features_sec39\">\n\t\t\t\t<div class=\"icon-list-line\">\n\t\t\t\t\t<div class=\"start\"><\/div>\n\t\t\t\t\t<div class=\"end\"><\/div>\n\t\t\t\t<\/div>\n\t\t\t\t\n\t\t\t<ul   data-wow-delay=\"0ms\" data-wow-iteration=\"1\" >\n\t\t\t\t<li class=\"icon\"><i class=\"fa fa-chevron-right\"><\/i><\/li>\n\t\t\t\t<li class=\"text\"><h3 class=\"nocaps\">MOSAIC COLLECTION 30x30<\/h3> <p>La mosa\u00efque, l\u2019une des formes d&#8217;art les plus archa\u00efques, est propos\u00e9e comme application artistique et decorative adapt\u00e9e \u00e0 de petites et grandes surfaces. Lisse pour les sols, les murs, les vo\u00fbtes ou les plafonds,<a href=\"http:\/\/www.q-bo-project.it\/mosaic-30x30\/\">AFFICHE<\/a><\/p><\/li>\n\t\t\t<\/ul>\n\t\t\t<ul   data-wow-delay=\"0ms\" data-wow-iteration=\"1\" >\n\t\t\t\t<li class=\"icon\"><i class=\"fa fa-chevron-right\"><\/i><\/li>\n\t\t\t\t<li class=\"text\"><h3 class=\"nocaps\">WALL &amp; FLOOR 60X60<\/h3> <p>Le format 50&#215;50 n\u00e9 pour rev\u00eatir le sol d\u2019espaces importants, chevauche la tradition, et se propose comme mat\u00e9riau de rev\u00eatement pour des projets plus audacieux, donnant naissance \u00e0 des r\u00e9alisations originales et luxueuses, mais toujours \u00e9l\u00e9gantes et raffies <a href=\"http:\/\/www.q-bo-project.it\/wall-floor\/\">AFFICHE<\/a><\/p><\/li>\n\t\t\t<\/ul>\n\t\t\t<\/div>[\/vc_column][\/vc_row]<\/p>\n","protected":false},"excerpt":{"rendered":"<p>[vc_row][vc_column][vc_column_text]Le marbre est une roche d\u00e9riv\u00e9e des calcaires, prenant forme \u00e0 travers un processus m\u00e9tamorphique, signifint &#8220;changement de forme&#8221;, qui provoque une recristallisation compl\u00e8te du carbonate de calcium dont elles sont principalement compos\u00e9es, gr\u00e2ce \u00e0 l&#8217;action combin\u00e9e de la temp\u00e9rature et de la pression. Les processus de transformation se d\u00e9roulent en profondeur et viennent \u00e0 [&hellip;]<\/p>\n","protected":false},"author":1,"featured_media":0,"parent":0,"menu_order":0,"comment_status":"open","ping_status":"open","template":"","meta":[],"_links":{"self":[{"href":"http:\/\/www.q-bo-project.it\/fr\/wp-json\/wp\/v2\/pages\/7979"}],"collection":[{"href":"http:\/\/www.q-bo-project.it\/fr\/wp-json\/wp\/v2\/pages"}],"about":[{"href":"http:\/\/www.q-bo-project.it\/fr\/wp-json\/wp\/v2\/types\/page"}],"author":[{"embeddable":true,"href":"http:\/\/www.q-bo-project.it\/fr\/wp-json\/wp\/v2\/users\/1"}],"replies":[{"embeddable":true,"href":"http:\/\/www.q-bo-project.it\/fr\/wp-json\/wp\/v2\/comments?post=7979"}],"version-history":[{"count":10,"href":"http:\/\/www.q-bo-project.it\/fr\/wp-json\/wp\/v2\/pages\/7979\/revisions"}],"predecessor-version":[{"id":8972,"href":"http:\/\/www.q-bo-project.it\/fr\/wp-json\/wp\/v2\/pages\/7979\/revisions\/8972"}],"wp:attachment":[{"href":"http:\/\/www.q-bo-project.it\/fr\/wp-json\/wp\/v2\/media?parent=7979"}],"curies":[{"name":"wp","href":"https:\/\/api.w.org\/{rel}","templated":true}]}}