{"id":7969,"date":"2014-12-19T19:55:56","date_gmt":"2014-12-19T19:55:56","guid":{"rendered":"http:\/\/www.q-bo-project.it\/homepage-version-10-2\/"},"modified":"2025-01-10T13:13:30","modified_gmt":"2025-01-10T13:13:30","slug":"homepage-version-10","status":"publish","type":"page","link":"http:\/\/www.q-bo-project.it\/fr\/","title":{"rendered":"Homepage in uso"},"content":{"rendered":"<p>[vc_row][vc_column width=&#8221;1\/3&#8243;]\n\t\t\t\t<div class=\"features_sec1 wow fadeInDown \"  data-wow-delay=\"350ms\" data-wow-iteration=\"1\" >\n\t\t\t\t\t<img src=\"http:\/\/www.q-bo-project.it\/wp-content\/uploads\/2015\/05\/ico-q-bo-ceramic-project.jpg\" \/>\n\t\t\t\t\t<div class=\"clearfix\"><\/div>\n\t\t\t\t\t<h3 class=\"nocaps\">Q-BO Ceramic Project<\/h3>\n\t\t\t\t\t<p>Le gr\u00e8s c\u00e9rame est rectifi\u00e9 et poli, puis un m\u00e9lange est appliqu\u00e9 manuellement \u00e0 base d\u2019oxydes de titane et de m\u00e9taux pr\u00e9cieux<\/p>\n\t\t\t\t\t<br \/>\n\t\t\t\t\t<a href=\"http:\/\/www.q-bo-project.it\/fr\/q-bo-ceramic-project\/\" target=\"_self\" class=\"readmore_but1\">Read More +<\/a>\n\t\t\t\t<\/div>[\/vc_column][vc_column width=&#8221;1\/3&#8243;]\n\t\t\t\t<div class=\"features_sec1 wow fadeInDown \"  data-wow-delay=\"500ms\" data-wow-iteration=\"1\" >\n\t\t\t\t\t<img src=\"http:\/\/www.q-bo-project.it\/wp-content\/uploads\/2015\/05\/ico-q-bo-marmo-project.jpg\" \/>\n\t\t\t\t\t<div class=\"clearfix\"><\/div>\n\t\t\t\t\t<h3 class=\"nocaps\">Q-BO Marmo Project<\/h3>\n\t\t\t\t\t<p>Le charme des pierres d\u00e9rive de leur origine tr\u00e8s ancienne. Q-Bo propose exclusivement des marbres d\u2019excellente qualit\u00e9, provenant de carri\u00e8res s\u00e9lectionn\u00e9es.<\/p>\n\t\t\t\t\t<br \/>\n\t\t\t\t\t<a href=\"http:\/\/www.q-bo-project.it\/en\/marmo-project\/\" target=\"_self\" class=\"readmore_but1\">Read More +<\/a>\n\t\t\t\t<\/div>[\/vc_column][vc_column width=&#8221;1\/3&#8243;]\n\t\t\t\t<div class=\"features_sec1 wow fadeInDown \"  data-wow-delay=\"500ms\" data-wow-iteration=\"1\" >\n\t\t\t\t\t<img src=\"http:\/\/www.q-bo-project.it\/wp-content\/uploads\/2014\/12\/ico-q-bo-project.jpg\" \/>\n\t\t\t\t\t<div class=\"clearfix\"><\/div>\n\t\t\t\t\t<h3 class=\"nocaps\">Personnalisations<\/h3>\n\t\t\t\t\t<p><span class=\"hps\">Il peut \u00eatre fait<\/span> <span class=\"hps\">de toute<\/span> <span class=\"hps\">la conception du projet<\/span> <span class=\"hps\">ou de la d\u00e9coration<\/span> <span class=\"hps\">avec des techniques diff\u00e9rentes<\/span>, <span class=\"hps\">plaque<\/span> <span class=\"hps\">taille jusqu&#8217;\u00e0<\/span> <span class=\"hps\">cm<\/span>. <span class=\"hps\">60<\/span> <span class=\"hps\">x<\/span> <span class=\"hps\">120<\/span><span class=\"\">.<\/span><\/p>\n\t\t\t\t\t<br \/>\n\t\t\t\t\t<a href=\"http:\/\/www.q-bo-project.it\/q-bo-project\/\" target=\"_self\" class=\"readmore_but1\">Read More +<\/a>\n\t\t\t\t<\/div>[\/vc_column][\/vc_row][vc_row gmbt_prlx_break_parents=&#8221;99&#8243; gmbt_prlx_parallax=&#8221;up&#8221; gmbt_prlx_speed=&#8221;0&#8243; css=&#8221;.vc_custom_1431093696033{padding-top: 80px !important;padding-bottom: 80px !important;background-color: #f0f0f0 !important;background-position: center !important;background-repeat: no-repeat !important;background-size: contain !important;}&#8221; gmbt_prlx_video_youtube_loop_trigger=&#8221;0&#8243; gmbt_prlx_video_height_correction=&#8221;0&#8243; gmbt_prlx_video_width_correction=&#8221;0&#8243; gmbt_prlx_row_span=&#8221;0&#8243;][vc_column]<h2 class=\"wow fadeIn aligncenter lessmar2\"  data-wow-delay=\"0ms\" data-wow-iteration=\"1\" ><span style=\"color: #000000;\">DERNIERS<strong> PROJETS<\/strong><\/span><\/h2><div class=\"clearfix divider divider_gray lessmar2 wow fadeIn\"  data-wow-delay=\"0ms\" data-wow-iteration=\"1\" ><span><\/span><span><\/span><\/div>[vc_media_grid element_width=&#8221;3&#8243; grid_id=&#8221;vc_gid:1736514795237-18ab9887-10f9-0&#8243; include=&#8221;7843,7841,7837,7835,7833,7831,7829,7826&#8243;][\/vc_column][\/vc_row][vc_row][vc_column width=&#8221;1\/2&#8243; css=&#8221;.vc_custom_1431094480157{padding-right: 60px !important;}&#8221;]<h2 class=\"wow fadeInLeft wow fadeInLeft\"  data-wow-delay=\"350ms\" data-wow-iteration=\"1\" > \u00c0 PROPOS DE NOUS<\/h2>[vc_column_text css_animation=&#8221;right-to-left&#8221;]<\/p>\n<p style=\"text-align: justify;\">L\u2019exp\u00e9rience acquise en 30 ans dans la production de textures et de d\u00e9cors r\u00e9alis\u00e9s avec la technique du sablage en bas-relief sur c\u00e9ramique, pierre naturelle, verre et bois donne naissance \u00e0 un autre concept de surface.<\/p>\n<p>&nbsp;<\/p>\n<p style=\"text-align: justify;\">Q-bo Project n\u2019est autre qu\u2019une nouvelle g\u00e9n\u00e9ration de mat\u00e9riaux.Nous avons cr\u00e9\u00e9 une ligne de produits en pierre naturelle, r\u00e9interpr\u00e9t\u00e9e avec des reliefs, des formes et des d\u00e9corations design, gr\u00e2ce \u00e0 des dispositifs exclusifs et des technologies \u00e0 l\u2019avant-garde<\/p>\n<p>&nbsp;<\/p>\n<p style=\"text-align: justify;\">La tecnica della sabbiatura , grazie a Tecnologie all\u2019avanguardia ed impianti di alta precisione, esalta le decorazioni superficiali dall\u2019alto contenuto di design ,conferendo grande eleganza e pregio estetico ad un prodotto tecnico.<\/p>\n<p>[\/vc_column_text][\/vc_column][vc_column width=&#8221;1\/2&#8243;][vc_empty_space][vc_column_text]<\/p>\n<div style=\"max-width: 100%; height: auto;\"><video style=\"width: 100%; height: auto;\" autoplay=\"autoplay\" loop=\"loop\" muted=\"\" controls=\"controls\" width=\"300\" height=\"150\"><source src=\"https:\/\/www.eurosabsrl.com\/wp-content\/uploads\/2025\/01\/PROMO-Q-XTON-HR.mp4\" type=\"video\/mp4\" \/>Il tuo browser non supporta la riproduzione dei video.<\/video><\/div>\n<p>[\/vc_column_text][\/vc_column][\/vc_row][vc_row disable_element=&#8221;yes&#8221;][vc_column width=&#8221;1\/2&#8243; css=&#8221;.vc_custom_1431094480157{padding-right: 60px !important;}&#8221;]<h2 class=\"wow fadeInLeft wow fadeInLeft\"  data-wow-delay=\"350ms\" data-wow-iteration=\"1\" > \u00c0 PROPOS DE NOUS<\/h2>[vc_column_text css_animation=&#8221;right-to-left&#8221;]<\/p>\n<p style=\"text-align: justify;\">L\u2019exp\u00e9rience acquise en 30 ans dans la production de textures et de d\u00e9cors r\u00e9alis\u00e9s avec la technique du sablage en bas-relief sur c\u00e9ramique, pierre naturelle, verre et bois donne naissance \u00e0 un autre concept de surface.<\/p>\n<p>&nbsp;<\/p>\n<p style=\"text-align: justify;\">Q-bo Project n\u2019est autre qu\u2019une nouvelle g\u00e9n\u00e9ration de mat\u00e9riaux.Nous avons cr\u00e9\u00e9 une ligne de produits en pierre naturelle, r\u00e9interpr\u00e9t\u00e9e avec des reliefs, des formes et des d\u00e9corations design, gr\u00e2ce \u00e0 des dispositifs exclusifs et des technologies \u00e0 l\u2019avant-garde<\/p>\n<p>&nbsp;<\/p>\n<p style=\"text-align: justify;\">La tecnica della sabbiatura , grazie a Tecnologie all\u2019avanguardia ed impianti di alta precisione, esalta le decorazioni superficiali dall\u2019alto contenuto di design ,conferendo grande eleganza e pregio estetico ad un prodotto tecnico.<\/p>\n<p>[\/vc_column_text][\/vc_column][vc_column width=&#8221;1\/2&#8243;]<h2 class=\"wow fadeInRight wow fadeInRight\"  data-wow-delay=\"350ms\" data-wow-iteration=\"1\" >DERNI\u00c8RES <strong> NOUVELLES<\/strong><\/h2>\n\t\t\t\t<div class=\"features_sec27 \"  data-wow-delay=\"0ms\" data-wow-iteration=\"1\" >\n\t\t\t\t\t\n\t\t\t\t<ul class=\"news2\">\n\t\t\t\t\t<li class=\"date\"><strong>31<\/strong> Jul<\/li>\n\t\t\t\t\t<li class=\"text\"><h4 class=\"nocaps\"><a href=\"http:\/\/www.q-bo-project.it\/fr\/effet-macro\/\">EFFET MACRO<\/a><\/h4> \n\t\t\t\t\t<p>Q-BO est en mesure de jouer avec des mat\u00e9riaux de haute qualit\u00e9, de la pierre naturelle mat\u00e9riau c\u00e9ramique tel que les carreaux de porcelaine, de [&hellip;]<\/p>\n\t\t\t\t\t<\/li>\n\t\t\t\t<\/ul>\n\t\t\t\t<ul class=\"news2\">\n\t\t\t\t\t<li class=\"date\"><strong>24<\/strong> Oct<\/li>\n\t\t\t\t\t<li class=\"text\"><h4 class=\"nocaps\"><a href=\"http:\/\/www.q-bo-project.it\/fr\/post-cersaie-2016\/\">POST-CERSAIE 2016<\/a><\/h4> \n\t\t\t\t\t<p>Q-BO PROJECT\u00a0MARBLE&amp;MORE merci \u00e0 tous ils ont visit\u00e9 le stand pendant la foire CERSAIE 2016. Merci aussi \u00e0 ceux qui soutiennent et toujours, notre objectif: [&hellip;]<\/p>\n\t\t\t\t\t<\/li>\n\t\t\t\t<\/ul>\n\t\t\t\t\t<div class=\"clearfix\"><\/div>\n\t\t\t\t<\/div>[\/vc_column][\/vc_row][vc_row gmbt_prlx_break_parents=&#8221;99&#8243; gmbt_prlx_parallax=&#8221;up&#8221; css=&#8221;.vc_custom_1411318834930{margin-bottom: -80px !important;padding-top: 40px !important;padding-bottom: 40px !important;background-color: #e3e3e3 !important;background-position: center !important;background-repeat: no-repeat !important;background-size: cover !important;}&#8221; gmbt_prlx_video_youtube_loop_trigger=&#8221;0&#8243; gmbt_prlx_video_height_correction=&#8221;0&#8243; gmbt_prlx_video_width_correction=&#8221;0&#8243; gmbt_prlx_row_span=&#8221;0&#8243;][vc_column]<h2 class=\"wow fadeIn aligncenter lessmar2\"  data-wow-delay=\"0ms\" data-wow-iteration=\"1\" ><span style=\"color: #000000;\">NOS<strong>MARQUES<\/strong><\/span><\/h2><div class=\"clearfix divider divider_gray wow fadeIn\"  data-wow-delay=\"0ms\" data-wow-iteration=\"1\" ><span><\/span><span><\/span><\/div>\n\t\t<div class=\"clients wow fadeInDown\">\n\t\t\t<div class=\"container\">\n\t\t\t\t<ul id=\"mycarouselthree\" class=\"jcarousel-skin-tango\">\n\t\t\t\t\t<li><a href=\"http:\/\/www.q-bo-project.it\/fr\/q-bo-ceramic-project\/\" target=\"_parent\"><img src=\"http:\/\/www.q-bo-project.it\/wp-content\/uploads\/2014\/12\/pre-footer-q-bo-ceramic-project.png\"><\/a><\/li><li><a href=\"http:\/\/www.q-bo-project.it\/fr\/marmo-project\/\" target=\"_parent\"><img src=\"http:\/\/www.q-bo-project.it\/wp-content\/uploads\/2014\/12\/pre-footer-q-bo-marmo-project.png\"><\/a><\/li><li><a href=\"http:\/\/www.q-bo-project.it\/fr\/q-bo-project\/\" target=\"_parent\"><img src=\"http:\/\/www.q-bo-project.it\/wp-content\/uploads\/2014\/12\/pre-footer-q-bo-project.png\"><\/a><\/li><li><a href=\"http:\/\/www.q-bo-project.it\/fr\/glamour\/\" target=\"_parent\"><img src=\"http:\/\/www.q-bo-project.it\/wp-content\/uploads\/2014\/12\/glamour-logo-small.jpg\"><\/a><\/li><li><a href=\"http:\/\/www.q-bo-project.it\/fr\/crystal-therapy\/\" target=\"_parent\"><img src=\"http:\/\/www.q-bo-project.it\/wp-content\/uploads\/2014\/12\/crystal-therapy-logo-small.jpg\"><\/a><\/li><li><a href=\"#\" target=\"_parent\"><img src=\"http:\/\/www.q-bo-project.it\/wp-content\/uploads\/2014\/12\/logo-atelier-small.jpg\"><\/a><\/li>\n\t\t\t\t<\/ul>\n\t\t\t<\/div>\n\t\t<\/div><!-- end clients -->\n\t\t<script type=\"text\/javascript\">\/\/ <![CDATA[\n\t\t\tjQuery(document).ready(function() {\n\t\t\t\tjQuery(\"#mycarouselthree\").jcarousel();\n\t\t\t});\n\t\t\t\/\/ ]]>\n\t\t<\/script>[\/vc_column][\/vc_row]<\/p>\n","protected":false},"excerpt":{"rendered":"<p>[vc_row][vc_column width=&#8221;1\/3&#8243;][\/vc_column][vc_column width=&#8221;1\/3&#8243;][\/vc_column][vc_column width=&#8221;1\/3&#8243;][\/vc_column][\/vc_row][vc_row gmbt_prlx_break_parents=&#8221;99&#8243; gmbt_prlx_parallax=&#8221;up&#8221; gmbt_prlx_speed=&#8221;0&#8243; css=&#8221;.vc_custom_1431093696033{padding-top: 80px !important;padding-bottom: 80px !important;background-color: #f0f0f0 !important;background-position: center !important;background-repeat: no-repeat !important;background-size: contain !important;}&#8221; gmbt_prlx_video_youtube_loop_trigger=&#8221;0&#8243; gmbt_prlx_video_height_correction=&#8221;0&#8243; gmbt_prlx_video_width_correction=&#8221;0&#8243; gmbt_prlx_row_span=&#8221;0&#8243;][vc_column][vc_media_grid element_width=&#8221;3&#8243; [&hellip;]<\/p>\n","protected":false},"author":1,"featured_media":0,"parent":0,"menu_order":0,"comment_status":"closed","ping_status":"closed","template":"","meta":[],"_links":{"self":[{"href":"http:\/\/www.q-bo-project.it\/fr\/wp-json\/wp\/v2\/pages\/7969"}],"collection":[{"href":"http:\/\/www.q-bo-project.it\/fr\/wp-json\/wp\/v2\/pages"}],"about":[{"href":"http:\/\/www.q-bo-project.it\/fr\/wp-json\/wp\/v2\/types\/page"}],"author":[{"embeddable":true,"href":"http:\/\/www.q-bo-project.it\/fr\/wp-json\/wp\/v2\/users\/1"}],"replies":[{"embeddable":true,"href":"http:\/\/www.q-bo-project.it\/fr\/wp-json\/wp\/v2\/comments?post=7969"}],"version-history":[{"count":9,"href":"http:\/\/www.q-bo-project.it\/fr\/wp-json\/wp\/v2\/pages\/7969\/revisions"}],"predecessor-version":[{"id":9738,"href":"http:\/\/www.q-bo-project.it\/fr\/wp-json\/wp\/v2\/pages\/7969\/revisions\/9738"}],"wp:attachment":[{"href":"http:\/\/www.q-bo-project.it\/fr\/wp-json\/wp\/v2\/media?parent=7969"}],"curies":[{"name":"wp","href":"https:\/\/api.w.org\/{rel}","templated":true}]}}