{"id":7954,"date":"2015-05-14T10:23:46","date_gmt":"2015-05-14T10:23:46","guid":{"rendered":"http:\/\/www.q-bo-project.it\/glamour-2\/"},"modified":"2015-06-23T14:38:38","modified_gmt":"2015-06-23T14:38:38","slug":"glamour","status":"publish","type":"page","link":"http:\/\/www.q-bo-project.it\/fr\/glamour\/","title":{"rendered":"glamour"},"content":{"rendered":"<p>[vc_row][vc_column width=&#8221;1\/4&#8243;][vc_column_text]<\/p>\n<p style=\"text-align: justify;\"><strong>GLAMOUR<\/strong> est le charme infini qui transforme les apparences et monopolise l\u2019attention.\u00a0Le <strong>GLAM<\/strong> n\u2019est pas une question de beaut\u00e9 pure&#8230;c\u2019est une sensation, un \u00e9tat d\u2019\u00e2me, une attitude, une aura emplie de myst\u00e8re et de magie.<\/p>\n<p>[\/vc_column_text][\/vc_column][vc_column width=&#8221;1\/4&#8243;][vc_column_text]<\/p>\n<p style=\"text-align: justify;\"><strong>FERRO, CENERE, LATTE e MIELE<\/strong>:\u00a0quatre tonalit\u00e8s en gr\u00e8s c\u00e9rame, des formes raffin\u00e9es de GLAMOUR<\/p>\n<p style=\"text-align: justify;\"><strong>ESAGONE ORO<\/strong> et <strong>ARGENTO<\/strong>:\u00a0des finitions \u00e9l\u00e9gantes, opulentes et audacieuses pour un luxe sans age<\/p>\n<p>[\/vc_column_text][\/vc_column][vc_column width=&#8221;1\/4&#8243;][vc_column_text]<\/p>\n<p style=\"text-align: justify;\"><strong>PIQU\u00c9, PETALI, TRAMA e TELA<\/strong>:\u00a0les motifs en relief, doux et transoarents qui forment un trait distinctif. Un panach\u00e9 de textures pour composer une ambiance libre, le miroir d&#8217;un style personnel, \u00e0 chaque fois diff\u00e8rent.<\/p>\n<p>[\/vc_column_text][\/vc_column][vc_column width=&#8221;1\/4&#8243;][vc_column_text]<\/p>\n<p style=\"text-align: justify;\"><strong>ESAGONE, MURETTI, LASTRE 30&#215;60:<\/strong>\u00a0une parure compl\u00e9te avec des trames ed des textures, pour une pose libre, entrelace\u00e8\u00e8 et docile. Faite aussi pour r\u00e8pondre aux exigences stylistiques et conceptuelles des architectes et des d\u00e8corateurs d&#8217;int\u00e8rieur<\/p>\n<p>[\/vc_column_text][\/vc_column][\/vc_row][vc_row][vc_column width=&#8221;1\/2&#8243;]<img src=\"http:\/\/www.q-bo-project.it\/wp-content\/uploads\/2015\/05\/thumb-landing-ferro.jpg\" class=\"wp-post-image alignleft \"  data-wow-delay=\"0ms\" data-wow-iteration=\"1\"  alt=\"\" >[\/vc_column][vc_column width=&#8221;1\/2&#8243;]<h2 class=\"  lessmar2\"  data-wow-delay=\"0ms\" data-wow-iteration=\"1\" >FERRO<\/h2>[vc_column_text][\/vc_column_text][vc_button title=&#8221;EN SAVOIR PLUS&#8221; target=&#8221;_self&#8221; color=&#8221;btn-warning&#8221; icon=&#8221;none&#8221; size=&#8221;btn-large&#8221; href=&#8221;http:\/\/www.q-bo-project.it\/fr\/glamour-ferro\/&#8221;][\/vc_column][\/vc_row][vc_row][vc_column width=&#8221;1\/1&#8243;][vc_separator color=&#8221;grey&#8221; align=&#8221;align_center&#8221;][\/vc_column][\/vc_row][vc_row][vc_column width=&#8221;1\/2&#8243;]<img src=\"http:\/\/www.q-bo-project.it\/wp-content\/uploads\/2015\/05\/thumb-landing-cenere.jpg\" class=\"wp-post-image alignleft \"  data-wow-delay=\"0ms\" data-wow-iteration=\"1\"  alt=\"\" >[\/vc_column][vc_column width=&#8221;1\/2&#8243;]<h2 class=\"  lessmar2\"  data-wow-delay=\"0ms\" data-wow-iteration=\"1\" >CENERE<\/h2>[vc_column_text][\/vc_column_text][vc_button title=&#8221;EN SAVOIR PLUS&#8221; target=&#8221;_self&#8221; color=&#8221;btn-warning&#8221; icon=&#8221;none&#8221; size=&#8221;btn-large&#8221; href=&#8221;http:\/\/www.q-bo-project.it\/fr\/glamour-cenere\/&#8221;][\/vc_column][\/vc_row][vc_row][vc_column width=&#8221;1\/1&#8243;][vc_separator color=&#8221;grey&#8221; align=&#8221;align_center&#8221;][\/vc_column][\/vc_row][vc_row][vc_column width=&#8221;1\/2&#8243;]<img src=\"http:\/\/www.q-bo-project.it\/wp-content\/uploads\/2015\/05\/thumb-landing-latte.jpg\" class=\"wp-post-image alignleft \"  data-wow-delay=\"0ms\" data-wow-iteration=\"1\"  alt=\"\" >[\/vc_column][vc_column width=&#8221;1\/2&#8243;]<h2 class=\"  lessmar2\"  data-wow-delay=\"0ms\" data-wow-iteration=\"1\" >LATTE<\/h2>[vc_column_text][\/vc_column_text][vc_button title=&#8221;EN SAVOIR PLUS&#8221; target=&#8221;_self&#8221; color=&#8221;btn-warning&#8221; icon=&#8221;none&#8221; size=&#8221;btn-large&#8221; href=&#8221;http:\/\/www.q-bo-project.it\/fr\/glamour-latte\/&#8221;][\/vc_column][\/vc_row][vc_row][vc_column width=&#8221;1\/1&#8243;][vc_separator color=&#8221;grey&#8221; align=&#8221;align_center&#8221;][\/vc_column][\/vc_row][vc_row][vc_column width=&#8221;1\/2&#8243;]<img src=\"http:\/\/www.q-bo-project.it\/wp-content\/uploads\/2015\/05\/thumb-landing-miele.jpg\" class=\"wp-post-image alignleft \"  data-wow-delay=\"0ms\" data-wow-iteration=\"1\"  alt=\"\" >[\/vc_column][vc_column width=&#8221;1\/2&#8243;]<h2 class=\"  lessmar2\"  data-wow-delay=\"0ms\" data-wow-iteration=\"1\" >MIELE<\/h2>[vc_column_text][\/vc_column_text][vc_button title=&#8221;EN SAVOIR PLUS&#8221; target=&#8221;_self&#8221; color=&#8221;btn-warning&#8221; icon=&#8221;none&#8221; size=&#8221;btn-large&#8221; href=&#8221;http:\/\/www.q-bo-project.it\/fr\/glamour-miele\/&#8221;][\/vc_column][\/vc_row][vc_row][vc_column width=&#8221;1\/1&#8243;][vc_separator color=&#8221;grey&#8221; align=&#8221;align_center&#8221;][\/vc_column][\/vc_row][vc_row][vc_column width=&#8221;1\/2&#8243;]<img src=\"http:\/\/www.q-bo-project.it\/wp-content\/uploads\/2015\/05\/thumb-landing-oro.jpg\" class=\"wp-post-image alignleft \"  data-wow-delay=\"0ms\" data-wow-iteration=\"1\"  alt=\"\" >[\/vc_column][vc_column width=&#8221;1\/2&#8243;]<h2 class=\"  lessmar2\"  data-wow-delay=\"0ms\" data-wow-iteration=\"1\" >ORO GOLD<\/h2>[vc_column_text][\/vc_column_text][vc_button title=&#8221;EN SAVOIR PLUS&#8221; target=&#8221;_self&#8221; color=&#8221;btn-warning&#8221; icon=&#8221;none&#8221; size=&#8221;btn-large&#8221; href=&#8221;http:\/\/www.q-bo-project.it\/fr\/glamour-oro-gold\/&#8221;][\/vc_column][\/vc_row][vc_row][vc_column width=&#8221;1\/1&#8243;][vc_separator color=&#8221;grey&#8221; align=&#8221;align_center&#8221;][\/vc_column][\/vc_row][vc_row][vc_column width=&#8221;1\/2&#8243;]<img src=\"http:\/\/www.q-bo-project.it\/wp-content\/uploads\/2015\/05\/thumb-landing-argento.jpg\" class=\"wp-post-image alignleft \"  data-wow-delay=\"0ms\" data-wow-iteration=\"1\"  alt=\"\" >[\/vc_column][vc_column width=&#8221;1\/2&#8243;]<h2 class=\"  lessmar2\"  data-wow-delay=\"0ms\" data-wow-iteration=\"1\" >ARGENTO SILVER<\/h2>[vc_column_text][\/vc_column_text][vc_button title=&#8221;EN SAVOIR PLUS&#8221; target=&#8221;_self&#8221; color=&#8221;btn-warning&#8221; icon=&#8221;none&#8221; size=&#8221;btn-large&#8221; href=&#8221;http:\/\/www.q-bo-project.it\/fr\/glamour-silver-argento\/&#8221;][\/vc_column][\/vc_row]<\/p>\n","protected":false},"excerpt":{"rendered":"<p>[vc_row][vc_column width=&#8221;1\/4&#8243;][vc_column_text] GLAMOUR est le charme infini qui transforme les apparences et monopolise l\u2019attention.\u00a0Le GLAM n\u2019est pas une question de beaut\u00e9 pure&#8230;c\u2019est une sensation, un \u00e9tat d\u2019\u00e2me, une attitude, une aura emplie de myst\u00e8re et de magie. [\/vc_column_text][\/vc_column][vc_column width=&#8221;1\/4&#8243;][vc_column_text] FERRO, CENERE, LATTE e MIELE:\u00a0quatre tonalit\u00e8s en gr\u00e8s c\u00e9rame, des formes raffin\u00e9es de GLAMOUR ESAGONE ORO [&hellip;]<\/p>\n","protected":false},"author":1,"featured_media":0,"parent":0,"menu_order":0,"comment_status":"open","ping_status":"open","template":"","meta":[],"_links":{"self":[{"href":"http:\/\/www.q-bo-project.it\/fr\/wp-json\/wp\/v2\/pages\/7954"}],"collection":[{"href":"http:\/\/www.q-bo-project.it\/fr\/wp-json\/wp\/v2\/pages"}],"about":[{"href":"http:\/\/www.q-bo-project.it\/fr\/wp-json\/wp\/v2\/types\/page"}],"author":[{"embeddable":true,"href":"http:\/\/www.q-bo-project.it\/fr\/wp-json\/wp\/v2\/users\/1"}],"replies":[{"embeddable":true,"href":"http:\/\/www.q-bo-project.it\/fr\/wp-json\/wp\/v2\/comments?post=7954"}],"version-history":[{"count":3,"href":"http:\/\/www.q-bo-project.it\/fr\/wp-json\/wp\/v2\/pages\/7954\/revisions"}],"predecessor-version":[{"id":7960,"href":"http:\/\/www.q-bo-project.it\/fr\/wp-json\/wp\/v2\/pages\/7954\/revisions\/7960"}],"wp:attachment":[{"href":"http:\/\/www.q-bo-project.it\/fr\/wp-json\/wp\/v2\/media?parent=7954"}],"curies":[{"name":"wp","href":"https:\/\/api.w.org\/{rel}","templated":true}]}}