{"id":7882,"date":"2015-05-27T13:38:38","date_gmt":"2015-05-27T13:38:38","guid":{"rendered":"http:\/\/www.q-bo-project.it\/boiseries-xxl-2\/"},"modified":"2015-06-23T09:12:36","modified_gmt":"2015-06-23T09:12:36","slug":"boiseries-xxl","status":"publish","type":"page","link":"http:\/\/www.q-bo-project.it\/fr\/boiseries-xxl\/","title":{"rendered":"boiseries xxl"},"content":{"rendered":"<p>[vc_row][vc_column width=&#8221;1\/1&#8243;]<h2 class=\"  lessmar2\"  data-wow-delay=\"0ms\" data-wow-iteration=\"1\" >BOISERIES XXL 60x120x2<\/h2><div class=\"clearfix divider divider_colored_line_2 left lessmar2 \"  data-wow-delay=\"0ms\" data-wow-iteration=\"1\" ><span><\/span><span><\/span><\/div>[vc_column_text]\u00c9l\u00e9gance, simplicit\u00e9, richesse, relief, pour la r\u00e9cup\u00e9ration d\u2019une facture classique originale en un seul \u00ab bloc \u00bb d\u00e9coratif complet, au format 60&#215;120. La nouvelle ligne de Boiseries, avec une finition Bross\u00e9e, Paillettes et Luxury dans les 4 textures Classic,\u00a0 Alhambra,\u00a0 Trapunta,\u00a0 Rinascimento<\/p>\n<p>&nbsp;<\/p>\n<p style=\"text-align: justify;\">De nouvelles formes et de nouveaux th\u00e8mes d\u00e9coratifs, s\u00e9lectionn\u00e9s parmi les meilleures propositions du design contemporain, offrent des surfaces \u00e0 l\u2019esth\u00e9tique pr\u00e9cieuse, id\u00e9ales pour rev\u00eatir de fa\u00e7on unique et inimitable des sols et des murs d\u2019espaces publics.<\/p>\n<p>[\/vc_column_text][\/vc_column][\/vc_row][vc_row][vc_column width=&#8221;1\/1&#8243;][vc_basic_grid post_type=&#8221;ids&#8221; max_items=&#8221;10&#8243; style=&#8221;all&#8221; items_per_page=&#8221;10&#8243; show_filter=&#8221;&#8221; element_width=&#8221;4&#8243; gap=&#8221;30&#8243; orderby=&#8221;date&#8221; order=&#8221;DESC&#8221; filter_source=&#8221;category&#8221; filter_style=&#8221;default&#8221; filter_align=&#8221;center&#8221; filter_color=&#8221;grey&#8221; filter_size=&#8221;md&#8221; button_style=&#8221;rounded&#8221; button_color=&#8221;blue&#8221; button_size=&#8221;md&#8221; arrows_design=&#8221;none&#8221; arrows_position=&#8221;inside&#8221; arrows_color=&#8221;blue&#8221; paging_design=&#8221;radio_dots&#8221; paging_color=&#8221;grey&#8221; loop=&#8221;&#8221; autoplay=&#8221;-1&#8243; item=&#8221;none&#8221; grid_id=&#8221;vc_gid:1432734328974-e003e71d-a179-8&#8243; include=&#8221;7568, 7581, 7582, 7583, 7584, 7585, 7586, 7587, 7588, 7589, 7590, 7591&#8243;][\/vc_column][\/vc_row]<\/p>\n","protected":false},"excerpt":{"rendered":"<p>[vc_row][vc_column width=&#8221;1\/1&#8243;][vc_column_text]\u00c9l\u00e9gance, simplicit\u00e9, richesse, relief, pour la r\u00e9cup\u00e9ration d\u2019une facture classique originale en un seul \u00ab bloc \u00bb d\u00e9coratif complet, au format 60&#215;120. La nouvelle ligne de Boiseries, avec une finition Bross\u00e9e, Paillettes et Luxury dans les 4 textures Classic,\u00a0 Alhambra,\u00a0 Trapunta,\u00a0 Rinascimento &nbsp; De nouvelles formes et de nouveaux th\u00e8mes d\u00e9coratifs, s\u00e9lectionn\u00e9s parmi les [&hellip;]<\/p>\n","protected":false},"author":1,"featured_media":0,"parent":0,"menu_order":0,"comment_status":"open","ping_status":"open","template":"","meta":[],"_links":{"self":[{"href":"http:\/\/www.q-bo-project.it\/fr\/wp-json\/wp\/v2\/pages\/7882"}],"collection":[{"href":"http:\/\/www.q-bo-project.it\/fr\/wp-json\/wp\/v2\/pages"}],"about":[{"href":"http:\/\/www.q-bo-project.it\/fr\/wp-json\/wp\/v2\/types\/page"}],"author":[{"embeddable":true,"href":"http:\/\/www.q-bo-project.it\/fr\/wp-json\/wp\/v2\/users\/1"}],"replies":[{"embeddable":true,"href":"http:\/\/www.q-bo-project.it\/fr\/wp-json\/wp\/v2\/comments?post=7882"}],"version-history":[{"count":3,"href":"http:\/\/www.q-bo-project.it\/fr\/wp-json\/wp\/v2\/pages\/7882\/revisions"}],"predecessor-version":[{"id":7888,"href":"http:\/\/www.q-bo-project.it\/fr\/wp-json\/wp\/v2\/pages\/7882\/revisions\/7888"}],"wp:attachment":[{"href":"http:\/\/www.q-bo-project.it\/fr\/wp-json\/wp\/v2\/media?parent=7882"}],"curies":[{"name":"wp","href":"https:\/\/api.w.org\/{rel}","templated":true}]}}